{"id":39,"date":"2024-02-11T13:47:42","date_gmt":"2024-02-11T12:47:42","guid":{"rendered":"https:\/\/demosites.royal-elementor-addons.com\/shop-wooshop-v2\/?page_id=39"},"modified":"2025-03-18T08:37:31","modified_gmt":"2025-03-18T07:37:31","slug":"a-propos","status":"publish","type":"page","link":"https:\/\/sakadotravel.com\/index.php\/a-propos\/","title":{"rendered":"Qui Somme Nous ?"},"content":{"rendered":"\t\t<div data-elementor-type=\"wp-page\" data-elementor-id=\"39\" class=\"elementor elementor-39\">\n\t\t\t\t<div class=\"elementor-element elementor-element-9f41aea e-flex e-con-boxed wpr-particle-no wpr-jarallax-no wpr-parallax-no wpr-sticky-section-no e-con e-parent\" data-id=\"9f41aea\" data-element_type=\"container\">\n\t\t\t\t\t<div class=\"e-con-inner\">\n\t\t<div class=\"elementor-element elementor-element-b3f9c63 e-con-full e-flex wpr-particle-no wpr-jarallax-no wpr-parallax-no wpr-sticky-section-no e-con e-child\" data-id=\"b3f9c63\" data-element_type=\"container\">\n\t\t\t\t<div class=\"elementor-element elementor-element-acde273 elementor-widget__width-initial elementor-widget elementor-widget-image\" data-id=\"acde273\" data-element_type=\"widget\" data-widget_type=\"image.default\">\n\t\t\t\t<div class=\"elementor-widget-container\">\n\t\t\t\t\t\t\t\t\t\t\t\t\t\t\t<img fetchpriority=\"high\" decoding=\"async\" width=\"1536\" height=\"2048\" src=\"https:\/\/sakadotravel.com\/wp-content\/uploads\/2024\/12\/IMG_7626.jpg\" class=\"attachment-full size-full wp-image-2619\" alt=\"\" srcset=\"https:\/\/sakadotravel.com\/wp-content\/uploads\/2024\/12\/IMG_7626.jpg 1536w, https:\/\/sakadotravel.com\/wp-content\/uploads\/2024\/12\/IMG_7626-225x300.jpg 225w, https:\/\/sakadotravel.com\/wp-content\/uploads\/2024\/12\/IMG_7626-768x1024.jpg 768w, https:\/\/sakadotravel.com\/wp-content\/uploads\/2024\/12\/IMG_7626-1152x1536.jpg 1152w, https:\/\/sakadotravel.com\/wp-content\/uploads\/2024\/12\/IMG_7626-600x800.jpg 600w\" sizes=\"(max-width: 1536px) 100vw, 1536px\" \/>\t\t\t\t\t\t\t\t\t\t\t\t\t\t\t<\/div>\n\t\t\t\t<\/div>\n\t\t\t\t<\/div>\n\t\t<div class=\"elementor-element elementor-element-e463d92 e-con-full e-flex wpr-particle-no wpr-jarallax-no wpr-parallax-no wpr-sticky-section-no e-con e-child\" data-id=\"e463d92\" data-element_type=\"container\">\n\t\t\t\t<div class=\"elementor-element elementor-element-ea9eef7 elementor-widget elementor-widget-heading\" data-id=\"ea9eef7\" data-element_type=\"widget\" data-widget_type=\"heading.default\">\n\t\t\t\t<div class=\"elementor-widget-container\">\n\t\t\t\t\t<h2 class=\"elementor-heading-title elementor-size-default\">NOTRE histoire<\/h2>\t\t\t\t<\/div>\n\t\t\t\t<\/div>\n\t\t\t\t<div class=\"elementor-element elementor-element-e46ba48 elementor-widget__width-initial elementor-widget elementor-widget-text-editor\" data-id=\"e46ba48\" data-element_type=\"widget\" data-widget_type=\"text-editor.default\">\n\t\t\t\t<div class=\"elementor-widget-container\">\n\t\t\t\t\t\t\t\t\t<p>Il y a trois ans, j\u2019ai pris une d\u00e9cision de dingue : tout l\u00e2cher pour vivre mon r\u00eave. Moi, c\u2019est Th\u00e9o, un gars de Saint-\u00c9tienne, et mon r\u00eave, c\u2019\u00e9tait l\u2019Australie. Juste moi et mon sac-\u00e0-dos jaune, pr\u00eats \u00e0 affronter l\u2019inconnu. J\u2019ai quitt\u00e9 la routine, la zone de confort, pour me jeter dans une aventure qui allait changer ma vie.Un an apr\u00e8s, Maxime, un gars de Normandie, a d\u00e9cid\u00e9 de faire pareil. Lui aussi avait besoin de casser la monotonie, de vivre une exp\u00e9rience qui chamboule tout. Il cherchait une aventure humaine, une vraie, celle qui te fait voir le monde autrement.Et l\u00e0, bam, nos chemins se croisent en Australie. On se retrouve \u00e0 parler de nos gal\u00e8res, de nos kiffs, et surtout de notre envie d\u2019aider d\u2019autres Fran\u00e7ais \u00e0 sauter le pas. Parce qu\u2019on sait \u00e0 quel point c\u2019est fou, mais parfois flippant de partir, seul, \u00e0 l\u2019autre bout du monde.De l\u00e0 est n\u00e9 SAKADO. Ce nom, c\u2019est un clin d\u2019\u0153il \u00e0 mon sac jaune, mon compagnon de route dans cette aventure incroyable. Aujourd\u2019hui, on est l\u00e0 pour partager notre exp\u00e9rience, pour que toi aussi, tu puisses vivre ton r\u00eave australien \u00e0 fond, avec un peu moins de stress et beaucoup plus de fun.<\/p>\t\t\t\t\t\t\t\t<\/div>\n\t\t\t\t<\/div>\n\t\t\t\t<\/div>\n\t\t\t\t\t<\/div>\n\t\t\t\t<\/div>\n\t\t<div class=\"elementor-element elementor-element-882699a e-flex e-con-boxed wpr-particle-no wpr-jarallax-no wpr-parallax-no wpr-sticky-section-no e-con e-parent\" data-id=\"882699a\" data-element_type=\"container\">\n\t\t\t\t\t<div class=\"e-con-inner\">\n\t\t<div class=\"elementor-element elementor-element-b494bf6 e-con-full e-flex wpr-particle-no wpr-jarallax-no wpr-parallax-no wpr-sticky-section-no e-con e-child\" data-id=\"b494bf6\" data-element_type=\"container\">\n\t\t\t\t<div class=\"elementor-element elementor-element-c18bee5 elementor-widget elementor-widget-wpr-team-member\" data-id=\"c18bee5\" data-element_type=\"widget\" data-widget_type=\"wpr-team-member.default\">\n\t\t\t\t<div class=\"elementor-widget-container\">\n\t\t\t\t\t\n\t<div class=\"wpr-team-member\">\n\t\t\t\t\t\n\t\t\t<div class=\"wpr-member-media\">\n\t\t\t\t<div class=\"wpr-member-image\">\n\t\t\t\t\t<img decoding=\"async\" src=\"https:\/\/sakadotravel.com\/wp-content\/uploads\/2024\/02\/pic-7.jpg\" alt=\"Th\u00e9o\">\n\t\t\t\t<\/div>\n\t\t\t\t\t\t\t<\/div>\n\t\t\t\t\n\t\t\n\t\t<div class=\"wpr-member-content\">\n\t\t\t<h3 class=\"wpr-member-name\">Th\u00e9o<\/h3>\n\t\t\t\n\t\t\t\t\t\t\t<div class=\"wpr-member-job\">Co - Fondateur<\/div>\n\t\t\t\n\t\t\t\n\t\t\t\t\t\t\n\t\t\t\t\t<\/div>\n\n\t\t\t<\/div>\n\n\t\t\t\t\t<\/div>\n\t\t\t\t<\/div>\n\t\t\t\t<\/div>\n\t\t<div class=\"elementor-element elementor-element-81fce34 e-con-full e-flex wpr-particle-no wpr-jarallax-no wpr-parallax-no wpr-sticky-section-no e-con e-child\" data-id=\"81fce34\" data-element_type=\"container\">\n\t\t\t\t<div class=\"elementor-element elementor-element-e086d6a elementor-widget elementor-widget-wpr-team-member\" data-id=\"e086d6a\" data-element_type=\"widget\" data-widget_type=\"wpr-team-member.default\">\n\t\t\t\t<div class=\"elementor-widget-container\">\n\t\t\t\t\t\n\t<div class=\"wpr-team-member\">\n\t\t\t\t\t\n\t\t\t<div class=\"wpr-member-media\">\n\t\t\t\t<div class=\"wpr-member-image\">\n\t\t\t\t\t<img decoding=\"async\" src=\"https:\/\/sakadotravel.com\/wp-content\/uploads\/2024\/12\/IMG_6108.jpg\" alt=\"Maxime\">\n\t\t\t\t<\/div>\n\t\t\t\t\t\t\t<\/div>\n\t\t\t\t\n\t\t\n\t\t<div class=\"wpr-member-content\">\n\t\t\t<h3 class=\"wpr-member-name\">Maxime<\/h3>\n\t\t\t\n\t\t\t\t\t\t\t<div class=\"wpr-member-job\">Co - Fondateur<\/div>\n\t\t\t\n\t\t\t\n\t\t\t\t\t\t\n\t\t\t\t\t<\/div>\n\n\t\t\t<\/div>\n\n\t\t\t\t\t<\/div>\n\t\t\t\t<\/div>\n\t\t\t\t<\/div>\n\t\t<div class=\"elementor-element elementor-element-9502e76 e-con-full e-flex wpr-particle-no wpr-jarallax-no wpr-parallax-no wpr-sticky-section-no e-con e-child\" data-id=\"9502e76\" data-element_type=\"container\">\n\t\t\t\t<div class=\"elementor-element elementor-element-7166fc1 elementor-widget elementor-widget-wpr-team-member\" data-id=\"7166fc1\" data-element_type=\"widget\" data-widget_type=\"wpr-team-member.default\">\n\t\t\t\t<div class=\"elementor-widget-container\">\n\t\t\t\t\t\n\t<div class=\"wpr-team-member\">\n\t\t\t\t\t\n\t\t\t<div class=\"wpr-member-media\">\n\t\t\t\t<div class=\"wpr-member-image\">\n\t\t\t\t\t<img decoding=\"async\" src=\"https:\/\/sakadotravel.com\/wp-content\/uploads\/2024\/02\/Pic-4.jpg\" alt=\"Loun\u00e8s\">\n\t\t\t\t<\/div>\n\t\t\t\t\t\t\t<\/div>\n\t\t\t\t\n\t\t\n\t\t<div class=\"wpr-member-content\">\n\t\t\t<h3 class=\"wpr-member-name\">Loun\u00e8s<\/h3>\n\t\t\t\n\t\t\t\t\t\t\t<div class=\"wpr-member-job\">D\u00e9veloppeur Front-End<\/div>\n\t\t\t\n\t\t\t\n\t\t\t\t\t\t\n\t\t\t\t\t<\/div>\n\n\t\t\t<\/div>\n\n\t\t\t\t\t<\/div>\n\t\t\t\t<\/div>\n\t\t\t\t<\/div>\n\t\t<div class=\"elementor-element elementor-element-1c15e29 e-con-full e-flex wpr-particle-no wpr-jarallax-no wpr-parallax-no wpr-sticky-section-no e-con e-child\" data-id=\"1c15e29\" data-element_type=\"container\">\n\t\t\t\t<div class=\"elementor-element elementor-element-1775094 elementor-widget elementor-widget-wpr-team-member\" data-id=\"1775094\" data-element_type=\"widget\" data-widget_type=\"wpr-team-member.default\">\n\t\t\t\t<div class=\"elementor-widget-container\">\n\t\t\t\t\t\n\t<div class=\"wpr-team-member\">\n\t\t\t\t\t\n\t\t\t<div class=\"wpr-member-media\">\n\t\t\t\t<div class=\"wpr-member-image\">\n\t\t\t\t\t<img decoding=\"async\" src=\"https:\/\/sakadotravel.com\/wp-content\/uploads\/2024\/02\/Testimonial-3.jpg\" alt=\"Sacha\">\n\t\t\t\t<\/div>\n\t\t\t\t\t\t\t<\/div>\n\t\t\t\t\n\t\t\n\t\t<div class=\"wpr-member-content\">\n\t\t\t<h3 class=\"wpr-member-name\">Sacha<\/h3>\n\t\t\t\n\t\t\t\t\t\t\t<div class=\"wpr-member-job\">Photographe<\/div>\n\t\t\t\n\t\t\t\n\t\t\t\t\t\t\n\t\t\t\t\t<\/div>\n\n\t\t\t<\/div>\n\n\t\t\t\t\t<\/div>\n\t\t\t\t<\/div>\n\t\t\t\t<\/div>\n\t\t\t\t\t<\/div>\n\t\t\t\t<\/div>\n\t\t<div class=\"elementor-element elementor-element-849027d e-flex e-con-boxed wpr-particle-no wpr-jarallax-no wpr-parallax-no wpr-sticky-section-no e-con e-parent\" data-id=\"849027d\" data-element_type=\"container\">\n\t\t\t\t\t<div class=\"e-con-inner\">\n\t\t<div class=\"elementor-element elementor-element-5239455 e-flex e-con-boxed wpr-particle-no wpr-jarallax-no wpr-parallax-no wpr-sticky-section-no e-con e-child\" data-id=\"5239455\" data-element_type=\"container\">\n\t\t\t\t\t<div class=\"e-con-inner\">\n\t\t\t\t<div class=\"elementor-element elementor-element-47b0075 elementor-widget elementor-widget-spacer\" data-id=\"47b0075\" data-element_type=\"widget\" data-widget_type=\"spacer.default\">\n\t\t\t\t<div class=\"elementor-widget-container\">\n\t\t\t\t\t\t\t<div class=\"elementor-spacer\">\n\t\t\t<div class=\"elementor-spacer-inner\"><\/div>\n\t\t<\/div>\n\t\t\t\t\t\t<\/div>\n\t\t\t\t<\/div>\n\t\t\t\t<div class=\"elementor-element elementor-element-96ef718 elementor-widget elementor-widget-heading\" data-id=\"96ef718\" data-element_type=\"widget\" data-widget_type=\"heading.default\">\n\t\t\t\t<div class=\"elementor-widget-container\">\n\t\t\t\t\t<h2 class=\"elementor-heading-title elementor-size-default\">Une Mission Anim\u00e9e par l\u2019Exp\u00e9rience<\/h2>\t\t\t\t<\/div>\n\t\t\t\t<\/div>\n\t\t\t\t<div class=\"elementor-element elementor-element-fd1ee07 elementor-widget elementor-widget-text-editor\" data-id=\"fd1ee07\" data-element_type=\"widget\" data-widget_type=\"text-editor.default\">\n\t\t\t\t<div class=\"elementor-widget-container\">\n\t\t\t\t\t\t\t\t\t<p>SAKADO n\u2019est pas simplement une plateforme de r\u00e9servation. C\u2019est le fruit de nos exp\u00e9riences personnelles, des d\u00e9fis que nous avons surmont\u00e9s, et des moments inoubliables que nous avons v\u00e9cus en Australie. Nous savons \u00e0 quel point il peut \u00eatre intimidant de partir \u00e0 l\u2019aventure seul, dans un pays \u00e9tranger, sans rep\u00e8res. C\u2019est pourquoi nous avons voulu cr\u00e9er une solution qui facilite chaque \u00e9tape de votre voyage, de la r\u00e9servation d\u2019un hostel \u00e0 la d\u00e9couverte des meilleurs spots locaux.<\/p><p>Notre mission est claire : vous offrir une exp\u00e9rience australienne authentique, sans stress, en vous guidant \u00e0 travers chaque \u00e9tape de votre aventure.<\/p>\t\t\t\t\t\t\t\t<\/div>\n\t\t\t\t<\/div>\n\t\t\t\t\t<\/div>\n\t\t\t\t<\/div>\n\t\t\t\t\t<\/div>\n\t\t\t\t<\/div>\n\t\t<div class=\"elementor-element elementor-element-c04363f e-flex e-con-boxed wpr-particle-no wpr-jarallax-no wpr-parallax-no wpr-sticky-section-no e-con e-parent\" data-id=\"c04363f\" data-element_type=\"container\">\n\t\t\t\t\t<div class=\"e-con-inner\">\n\t\t<div class=\"elementor-element elementor-element-bf3a2ee e-con-full e-flex wpr-particle-no wpr-jarallax-no wpr-parallax-no wpr-sticky-section-no e-con e-child\" data-id=\"bf3a2ee\" data-element_type=\"container\">\n\t\t\t\t<div class=\"elementor-element elementor-element-1e9b20c elementor-widget elementor-widget-eael-svg-draw\" data-id=\"1e9b20c\" data-element_type=\"widget\" data-widget_type=\"eael-svg-draw.default\">\n\t\t\t\t<div class=\"elementor-widget-container\">\n\t\t\t\t\t<div class=\"eael-svg-draw-container page-scroll \" data-settings=\"{&quot;fill&quot;:&quot;fill-svg&quot;,&quot;speed&quot;:&quot;&quot;,&quot;offset&quot;:&quot;50&quot;,&quot;loop&quot;:&quot;no&quot;,&quot;pause&quot;:&quot;no&quot;,&quot;direction&quot;:&quot;&quot;,&quot;excludeStyle&quot;:&quot;no&quot;}\"><?xml version=\"1.0\" encoding=\"UTF-8\"?>\n<svg id=\"Calque_1\" data-name=\"Calque 1\" xmlns=\"http:\/\/www.w3.org\/2000\/svg\" viewBox=\"0 0 503.35 498.65\">\n  <defs>\n    <style>\n      .cls-1 {\n        fill: #3f69fc;\n      }\n\n      .cls-1, .cls-2 {\n        stroke-width: 0px;\n      }\n\n      .cls-2 {\n        fill: #fff;\n      }\n    <\/style>\n  <\/defs>\n  <rect class=\"cls-2\" width=\"503.35\" height=\"498.65\"\/>\n  <path class=\"cls-1\" d=\"M396.1,351.54c-8.91-9.45-18.18-19.35-27.8-29.71-9.63-10.35-19.44-20.98-29.43-31.88-9.65-10.52-18.87-20.7-27.65-30.53-11.93,6.65-24.2,12.67-37.26,17.2-15.72,5.45-31.69,9.08-48.53,8.27-21.57-1.04-40.02-13.69-44.72-32.22-1.72-6.79-.74-14.28-.6-21.44.03-1.47,1.82-2.9,2.8-4.35,1.71,1.32,4.16,2.31,4.96,4.03,1.33,2.87,1.38,6.27,2.36,9.33,4.1,12.83,13.1,19.87,26.66,22.43,15.81,3,29.54-1.82,42.91-9.05,25.74-13.92,47.83-32.53,69.79-51.37,10.81-9.27,21.55-18.76,33.25-26.89,13.49-9.38,27.08-14.79,40.26-17.03,3.5-7.31,5.26-15.04,5.26-23.17,0-12.72-5.37-23.71-16.08-32.98-10.72-9.27-28.43-13.9-53.14-13.9l-113.37,130.27v-86.66c0-9.45-1.09-17.08-3.27-22.9-2.18-5.8-5.45-10.35-9.81-13.62-4.36-3.27-9.73-5.54-16.08-6.81-6.36-1.27-13.72-1.91-22.07-1.91s-16.35.64-25.07,1.91c-8.73,1.27-15.09,2.27-19.08,2.99v287.78c0,9.46,1.09,17.09,3.27,22.9,2.18,5.81,5.45,10.35,9.81,13.62s9.72,5.55,16.08,6.81c6.35,1.27,13.71,1.92,22.07,1.92s16.9-.55,25.62-1.64c8.72-1.09,15.07-2.18,19.08-3.27v-120.46l76.85,89.39c8.72,10.18,17.8,18.99,27.25,26.44,9.44,7.44,21.61,11.17,36.52,11.17,6.9,0,13.44-1.09,19.62-3.27,6.17-2.18,11.72-5.45,16.62-9.81,4.91-4.36,8.81-9.62,11.72-15.81,2.9-6.17,4.36-13.26,4.36-21.25-6.54-6.9-14.26-15.08-23.16-24.53Z\"\/>\n<\/svg> <\/div>\t\t\t\t<\/div>\n\t\t\t\t<\/div>\n\t\t\t\t<div class=\"elementor-element elementor-element-43c0dfe elementor-widget elementor-widget-heading\" data-id=\"43c0dfe\" data-element_type=\"widget\" data-widget_type=\"heading.default\">\n\t\t\t\t<div class=\"elementor-widget-container\">\n\t\t\t\t\t<h2 class=\"elementor-heading-title elementor-size-default\">Une \u00c9quipe Qui Conna\u00eet L\u2019Australie Sur le Bout des Doigts<\/h2>\t\t\t\t<\/div>\n\t\t\t\t<\/div>\n\t\t\t\t<div class=\"elementor-element elementor-element-f9ca096 elementor-widget elementor-widget-text-editor\" data-id=\"f9ca096\" data-element_type=\"widget\" data-widget_type=\"text-editor.default\">\n\t\t\t\t<div class=\"elementor-widget-container\">\n\t\t\t\t\t\t\t\t\t<p>Nous avons arpent\u00e9 les rues de Melbourne, plong\u00e9 dans les eaux turquoise de la Grande Barri\u00e8re de Corail, et explor\u00e9 les vastes \u00e9tendues de l\u2019Outback. Ces exp\u00e9riences nous ont permis de comprendre les besoins r\u00e9els des voyageurs et de cr\u00e9er des solutions adapt\u00e9es \u00e0 chaque profil.<\/p><p>Avec SAKADO, vous n&rsquo;\u00eates pas simplement un client. Vous faites partie d&rsquo;une communaut\u00e9 de voyageurs passionn\u00e9s, guid\u00e9s par une \u00e9quipe qui a \u00e9t\u00e9 l\u00e0 o\u00f9 vous r\u00eavez d\u2019aller. Nous sommes l\u00e0 pour r\u00e9pondre \u00e0 vos questions, vous donner les meilleurs conseils, et vous assurer que chaque \u00e9tape de votre voyage se d\u00e9roule sans encombre.<\/p>\t\t\t\t\t\t\t\t<\/div>\n\t\t\t\t<\/div>\n\t\t\t\t<\/div>\n\t\t\t\t\t<\/div>\n\t\t\t\t<\/div>\n\t\t<div class=\"elementor-element elementor-element-06ca35c e-flex e-con-boxed wpr-particle-no wpr-jarallax-no wpr-parallax-no wpr-sticky-section-no e-con e-parent\" data-id=\"06ca35c\" data-element_type=\"container\" data-settings=\"{&quot;background_background&quot;:&quot;classic&quot;}\">\n\t\t\t\t\t<div class=\"e-con-inner\">\n\t\t\t\t<div class=\"elementor-element elementor-element-7d2ef6a elementor-widget elementor-widget-spacer\" data-id=\"7d2ef6a\" data-element_type=\"widget\" data-widget_type=\"spacer.default\">\n\t\t\t\t<div class=\"elementor-widget-container\">\n\t\t\t\t\t\t\t<div class=\"elementor-spacer\">\n\t\t\t<div class=\"elementor-spacer-inner\"><\/div>\n\t\t<\/div>\n\t\t\t\t\t\t<\/div>\n\t\t\t\t<\/div>\n\t\t\t\t<div class=\"elementor-element elementor-element-1d513af elementor-invisible elementor-widget elementor-widget-eael-fancy-text\" data-id=\"1d513af\" data-element_type=\"widget\" data-settings=\"{&quot;_animation&quot;:&quot;zoomIn&quot;}\" data-widget_type=\"eael-fancy-text.default\">\n\t\t\t\t<div class=\"elementor-widget-container\">\n\t\t\t\t\t\n\t<div  class=\"eael-fancy-text-container style-1\" data-fancy-text-id=\"1d513af\" data-fancy-text=\"|Question ?|Demande ?|Aide ?|Info ?\" data-fancy-text-transition-type=\"typing\" data-fancy-text-speed=\"50\" data-fancy-text-delay=\"2500\" data-fancy-text-cursor=\"yes\" data-fancy-text-loop=\"yes\" >\n\t\t\t\t\t<span class=\"eael-fancy-text-prefix\">Une <\/span>\n\t\t\n\t\t\n\t\t\t\t\t<span id=\"eael-fancy-text-1d513af\" class=\"eael-fancy-text-strings solid-color\">\n\t\t\t\t<noscript>\n\t\t\t\t\tQuestion ?, Demande ?, Aide ?, Info ?\t\t\t\t<\/noscript>\n\t\t\t<\/span>\n\t\t\n\t\t\t<\/div><!-- close .eael-fancy-text-container -->\n\n\t<div class=\"clearfix\"><\/div>\n\n\t\t\t\t\t<\/div>\n\t\t\t\t<\/div>\n\t\t\t\t<div class=\"elementor-element elementor-element-6b188ad wpr-button-icon-style-inline wpr-button-icon-position-right elementor-widget elementor-widget-wpr-button\" data-id=\"6b188ad\" data-element_type=\"widget\" data-widget_type=\"wpr-button.default\">\n\t\t\t\t<div class=\"elementor-widget-container\">\n\t\t\t\t\t\t\n\t\t\t\n\t\t\n\t\t<div class=\"wpr-button-wrap elementor-clearfix\">\n\t\t<a class=\"wpr-button wpr-button-effect wpr-button-radial-out\" data-text=\"Go\" href=\"https:\/\/sakadotravel.com\/index.php\/contact\/\">\n\t\t\t\n\t\t\t<span class=\"wpr-button-content\">\n\t\t\t\t\t\t\t\t\t<span class=\"wpr-button-text\">CONTACTEZ- NOUS<\/span>\n\t\t\t\t\t\t\t\t\n\t\t\t\t\t\t\t<\/span>\n\t\t<\/a>\n\n\t\t\t\t<\/div>\n\t\n\t\n\t\t\t\t\t<\/div>\n\t\t\t\t<\/div>\n\t\t\t\t<div class=\"elementor-element elementor-element-39eb929 elementor-widget elementor-widget-spacer\" data-id=\"39eb929\" data-element_type=\"widget\" data-widget_type=\"spacer.default\">\n\t\t\t\t<div class=\"elementor-widget-container\">\n\t\t\t\t\t\t\t<div class=\"elementor-spacer\">\n\t\t\t<div class=\"elementor-spacer-inner\"><\/div>\n\t\t<\/div>\n\t\t\t\t\t\t<\/div>\n\t\t\t\t<\/div>\n\t\t\t\t\t<\/div>\n\t\t\t\t<\/div>\n\t\t\t\t<\/div>\n\t\t","protected":false},"excerpt":{"rendered":"<p>NOTRE histoire Il y a trois ans, j\u2019ai pris une d\u00e9cision de dingue : tout l\u00e2cher pour vivre mon r\u00eave. Moi, c\u2019est Th\u00e9o, un gars de Saint-\u00c9tienne, et mon r\u00eave, c\u2019\u00e9tait l\u2019Australie. Juste moi et mon sac-\u00e0-dos jaune, pr\u00eats \u00e0 affronter l\u2019inconnu. J\u2019ai quitt\u00e9 la routine, la zone de confort, pour me jeter dans une aventure qui allait changer ma vie.Un an apr\u00e8s, Maxime, un gars de Normandie, a d\u00e9cid\u00e9 de faire pareil. Lui aussi avait besoin de casser la monotonie, de vivre une exp\u00e9rience qui chamboule tout. Il cherchait une aventure humaine, une vraie, celle qui te fait voir le monde autrement.Et l\u00e0, bam, nos chemins se croisent en Australie. On se retrouve \u00e0 parler de nos gal\u00e8res, de nos kiffs, et surtout de notre envie d\u2019aider d\u2019autres Fran\u00e7ais \u00e0 sauter le pas. Parce qu\u2019on sait \u00e0 quel point c\u2019est fou, mais parfois flippant de partir, seul, \u00e0 l\u2019autre bout du monde.De l\u00e0 est n\u00e9 SAKADO. Ce nom, c\u2019est un clin d\u2019\u0153il \u00e0 mon sac jaune, mon compagnon de route dans cette aventure incroyable. Aujourd\u2019hui, on est l\u00e0 pour partager notre exp\u00e9rience, pour que toi aussi, tu puisses vivre ton r\u00eave australien \u00e0 fond, avec un peu moins de stress et beaucoup plus de fun. Th\u00e9o Co &#8211; Fondateur Maxime Co &#8211; Fondateur Loun\u00e8s D\u00e9veloppeur Front-End Sacha Photographe Une Mission Anim\u00e9e par l\u2019Exp\u00e9rience SAKADO n\u2019est pas simplement une plateforme de r\u00e9servation. C\u2019est le fruit de nos exp\u00e9riences personnelles, des d\u00e9fis que nous avons surmont\u00e9s, et des moments inoubliables que nous avons v\u00e9cus en Australie. Nous savons \u00e0 quel point il peut \u00eatre intimidant de partir \u00e0 l\u2019aventure seul, dans un pays \u00e9tranger, sans rep\u00e8res. C\u2019est pourquoi nous avons voulu cr\u00e9er une solution qui facilite chaque \u00e9tape de votre voyage, de la r\u00e9servation d\u2019un hostel \u00e0 la d\u00e9couverte des meilleurs spots locaux. Notre mission est claire : vous offrir une exp\u00e9rience australienne authentique, sans stress, en vous guidant \u00e0 travers chaque \u00e9tape de votre aventure. Une \u00c9quipe Qui Conna\u00eet L\u2019Australie Sur le Bout des Doigts Nous avons arpent\u00e9 les rues de Melbourne, plong\u00e9 dans les eaux turquoise de la Grande Barri\u00e8re de Corail, et explor\u00e9 les vastes \u00e9tendues de l\u2019Outback. Ces exp\u00e9riences nous ont permis de comprendre les besoins r\u00e9els des voyageurs et de cr\u00e9er des solutions adapt\u00e9es \u00e0 chaque profil. Avec SAKADO, vous n&rsquo;\u00eates pas simplement un client. Vous faites partie d&rsquo;une communaut\u00e9 de voyageurs passionn\u00e9s, guid\u00e9s par une \u00e9quipe qui a \u00e9t\u00e9 l\u00e0 o\u00f9 vous r\u00eavez d\u2019aller. Nous sommes l\u00e0 pour r\u00e9pondre \u00e0 vos questions, vous donner les meilleurs conseils, et vous assurer que chaque \u00e9tape de votre voyage se d\u00e9roule sans encombre. Une Question ?, Demande ?, Aide ?, Info ? CONTACTEZ- NOUS<\/p>\n","protected":false},"author":1,"featured_media":0,"parent":0,"menu_order":0,"comment_status":"closed","ping_status":"closed","template":"elementor_canvas","meta":{"site-sidebar-layout":"default","site-content-layout":"","ast-site-content-layout":"","site-content-style":"default","site-sidebar-style":"default","ast-global-header-display":"","ast-banner-title-visibility":"","ast-main-header-display":"","ast-hfb-above-header-display":"","ast-hfb-below-header-display":"","ast-hfb-mobile-header-display":"","site-post-title":"","ast-breadcrumbs-content":"","ast-featured-img":"","footer-sml-layout":"","theme-transparent-header-meta":"","adv-header-id-meta":"","stick-header-meta":"","header-above-stick-meta":"","header-main-stick-meta":"","header-below-stick-meta":"","astra-migrate-meta-layouts":"default","ast-page-background-enabled":"default","ast-page-background-meta":{"desktop":{"background-color":"var(--ast-global-color-4)","background-image":"","background-repeat":"repeat","background-position":"center center","background-size":"auto","background-attachment":"scroll","background-type":"","background-media":"","overlay-type":"","overlay-color":"","overlay-opacity":"","overlay-gradient":""},"tablet":{"background-color":"","background-image":"","background-repeat":"repeat","background-position":"center center","background-size":"auto","background-attachment":"scroll","background-type":"","background-media":"","overlay-type":"","overlay-color":"","overlay-opacity":"","overlay-gradient":""},"mobile":{"background-color":"","background-image":"","background-repeat":"repeat","background-position":"center center","background-size":"auto","background-attachment":"scroll","background-type":"","background-media":"","overlay-type":"","overlay-color":"","overlay-opacity":"","overlay-gradient":""}},"ast-content-background-meta":{"desktop":{"background-color":"var(--ast-global-color-5)","background-image":"","background-repeat":"repeat","background-position":"center center","background-size":"auto","background-attachment":"scroll","background-type":"","background-media":"","overlay-type":"","overlay-color":"","overlay-opacity":"","overlay-gradient":""},"tablet":{"background-color":"var(--ast-global-color-5)","background-image":"","background-repeat":"repeat","background-position":"center center","background-size":"auto","background-attachment":"scroll","background-type":"","background-media":"","overlay-type":"","overlay-color":"","overlay-opacity":"","overlay-gradient":""},"mobile":{"background-color":"var(--ast-global-color-5)","background-image":"","background-repeat":"repeat","background-position":"center center","background-size":"auto","background-attachment":"scroll","background-type":"","background-media":"","overlay-type":"","overlay-color":"","overlay-opacity":"","overlay-gradient":""}},"footnotes":""},"class_list":["post-39","page","type-page","status-publish","hentry"],"_links":{"self":[{"href":"https:\/\/sakadotravel.com\/index.php\/wp-json\/wp\/v2\/pages\/39","targetHints":{"allow":["GET"]}}],"collection":[{"href":"https:\/\/sakadotravel.com\/index.php\/wp-json\/wp\/v2\/pages"}],"about":[{"href":"https:\/\/sakadotravel.com\/index.php\/wp-json\/wp\/v2\/types\/page"}],"author":[{"embeddable":true,"href":"https:\/\/sakadotravel.com\/index.php\/wp-json\/wp\/v2\/users\/1"}],"replies":[{"embeddable":true,"href":"https:\/\/sakadotravel.com\/index.php\/wp-json\/wp\/v2\/comments?post=39"}],"version-history":[{"count":126,"href":"https:\/\/sakadotravel.com\/index.php\/wp-json\/wp\/v2\/pages\/39\/revisions"}],"predecessor-version":[{"id":3488,"href":"https:\/\/sakadotravel.com\/index.php\/wp-json\/wp\/v2\/pages\/39\/revisions\/3488"}],"wp:attachment":[{"href":"https:\/\/sakadotravel.com\/index.php\/wp-json\/wp\/v2\/media?parent=39"}],"curies":[{"name":"wp","href":"https:\/\/api.w.org\/{rel}","templated":true}]}}